{"id":103622,"date":"2026-02-27T15:50:38","date_gmt":"2026-02-27T14:50:38","guid":{"rendered":"https:\/\/furious.digitz.dev\/dsgvo-des-verwaltungstools-furious\/"},"modified":"2026-04-09T02:16:34","modified_gmt":"2026-04-09T00:16:34","slug":"dsgvo-furious-2","status":"publish","type":"page","link":"https:\/\/www.furious-squad.com\/de\/dsgvo-furious-2\/","title":{"rendered":"DSGVO des Verwaltungstools Furious"},"content":{"rendered":"<section>\n<h2 class=\"ai-optimize-54\" data-elementor-setting-key=\"title\" data-pen-placeholder=\"\u00c9crivez ici...\">GDPR-Richtlinie<\/h2>\n<h3 class=\"ai-optimize-55\"><strong>Zuletzt aktualisiert am 30. Januar 2025<\/strong><\/h3>\n<p class=\"ai-optimize-56 ai-optimize-introduction\">Die Allgemeine Datenschutzverordnung (GDPR) f\u00fchrt neue Verantwortlichkeiten f\u00fcr Unternehmen wie Furious ein, die personenbezogene Daten verarbeiten. Die DSGVO verleiht auch neue Rechte f\u00fcr Personen, deren Daten verarbeitet werden, insbesondere das Recht auf Vergessenwerden und das Recht auf Daten\u00fcbertragbarkeit. Seit unserer Gr\u00fcndung war der Schutz personenbezogener Daten immer eine Priorit\u00e4t und Furious hat bereits alle notwendigen Schritte unternommen, um die DSGVO einzuhalten und sicherzustellen, dass unsere Dienste in einem sicheren und transparenten Rechtsrahmen betrieben werden. Zu den Ma\u00dfnahmen, die wir zur Einhaltung der DSGVO ergriffen haben, geh\u00f6ren :   <\/p>\n<ul>\n<li class=\"ai-optimize-57\">Schaffung klarer vertraglicher Vereinbarungen, die die Verpflichtungen und Verantwortlichkeiten von Furious und unseren Kunden in Bezug auf die Erhebung und Verarbeitung personenbezogener Daten beschreiben.\n<ul>\n<li class=\"ai-optimize-58\">Es ist zu beachten, dass Furious im Rahmen unserer Dienstleistungen als Auftragsverarbeiter f\u00fcr unsere Kunden t\u00e4tig ist. Daher liegt es auch in der Verantwortung unserer Kunden, sicherzustellen, dass ihre T\u00e4tigkeiten mit der DSGVO \u00fcbereinstimmen, insbesondere im Hinblick auf die Erhebung, Nutzung und Speicherung von personenbezogenen Daten, die an Furious \u00fcbermittelt werden. <\/li>\n<\/ul>\n<\/li>\n<li class=\"ai-optimize-59\">F\u00fchren Sie ein Register der Verarbeitungsvorg\u00e4nge, um alle Datenverarbeitungsaktivit\u00e4ten zu verfolgen und zu aktualisieren.<\/li>\n<li class=\"ai-optimize-60\">Verfahren zur Sicherung personenbezogener Daten und zur Minimierung des Risikos von Datenverletzungen sowie Protokolle zur Benachrichtigung der CNIL im Falle solcher Vorf\u00e4lle implementieren.<\/li>\n<\/ul>\n<p class=\"ai-optimize-61\">Weitere Informationen dar\u00fcber, wie Furious Ihre Daten verwendet, finden Sie in unserer <a href=\"https:\/\/www.furious-squad.com\/en\/data-protection-policy\/\" target=\"_blank\" rel=\"noopener noreferrer\">Datenschutzrichtlinie <\/a>.<\/p>\n<h2 class=\"ai-optimize-62\" id=\"google-sheets\">Hinweis zur Google Sheets\u2122-Erweiterung<\/h2>\n<p class=\"ai-optimize-63\">Die Google Sheets\u2122-Erweiterung von Furious erm\u00f6glicht es, Daten von einem Blatt zu Furious\u2122 zu \u00fcbertragen. Es werden keine Informationen \u00fcber das Google\u2122-Konto des Nutzers \u00fcbertragen. Um diese Operation durchzuf\u00fchren, muss der Nutzer ein Furious\u2122-Konto besitzen und \u00fcber die notwendigen Rechte verf\u00fcgen. Die \u00fcbertragenen Daten bleiben das Eigentum des Nutzers. In keinem Fall teilt Furious\u2122 diese Daten oder macht sie \u00f6ffentlich zug\u00e4nglich. Die \u00fcbertragenen Rohdaten werden nur f\u00fcr die Dauer der Manipulation aufbewahrt.      Sie werden dann innerhalb von 48 Stunden gel\u00f6scht.  <b>Wie erfolgt die Daten\u00fcbertragung aus dem Google Sheets\u2122-Blatt?<\/b><\/p>\n<ol>\n<li class=\"ai-optimize-64\">Der Nutzer fordert in der Furious\u2122-Anwendung eine Transfer-ID an. Diese Kennung ist ein einmaliger Schl\u00fcssel, der nach 48 Stunden abl\u00e4uft. <\/li>\n<li class=\"ai-optimize-65\">Der Benutzer kopiert diesen Schl\u00fcssel dann in das modale Fenster der Furious\u2122 Erweiterung f\u00fcr Google Sheets\u2122. Sobald der Schl\u00fcssel validiert ist, werden die Daten des Blattes \u00fcber eine API an Furious\u2122 gesendet. <\/li>\n<\/ol>\n<p class=\"ai-optimize-66\"><b>Zugang zu Google-Daten<\/b> Der Nutzer identifiziert sich bei Google Sheets\u2122. Furious\u2122 greift nicht in den Identifikationsprozess ein. Der Nutzer installiert dann die Furious\u2122 Erweiterung f\u00fcr Google Sheets\u2122 aus dem Google Marketplace\u2122 und akzeptiert die Bedingungen des Zustimmungsbildschirms. Es werden keine Informationen \u00fcber das Google\u2122-Konto des Nutzers an Furious\u2122 weitergeleitet. <b>Datennutzung<\/b> Die Nutzung und \u00dcbertragung jeglicher von den Google APIs erhaltenen Informationen durch die Furious\u2122 Erweiterung f\u00fcr Google Sheets\u2122 erfolgt gem\u00e4\u00df der <a href=\"https:\/\/developers.google.com\/terms\/api-services-user-data-policy#additional_requirements_for_specific_api_scopes\" target=\"_blank\" rel=\"noopener noreferrer\">Google API Services User Data Policy <\/a>, einschlie\u00dflich der Anforderungen f\u00fcr die eingeschr\u00e4nkte Nutzung. Sobald die Erweiterung installiert ist, hat der Nutzer ein neues &#8222;Furious&#8220;-Men\u00fc in Google Sheets\u2122. Wenn Sie in diesem Men\u00fc &#8222;Daten nach Furious exportieren&#8220; w\u00e4hlen, \u00f6ffnet sich ein modales Fenster mit einem Formular. Dieses Formular enth\u00e4lt ein ID-Feld, in das der Nutzer die eindeutige Transfer-ID einf\u00fcgen muss, die von der Furious\u2122-Anwendung bereitgestellt wird. Wenn der Nutzer das Formular mit der Schaltfl\u00e4che &#8222;Senden&#8220; best\u00e4tigt, werden die Daten des aktiven Blattes von Google Sheets\u2122 \u00fcber eine sichere API an die Furious\u2122-Anwendung des Nutzers \u00fcbertragen. Diese Daten werden dann in der Datenbank der Furious\u2122-Instanz des Nutzers gespeichert. <b>Datenspeicherung<\/b> Die \u00fcbertragenen Daten bleiben das Eigentum des Nutzers. Jeder Nutzer verf\u00fcgt \u00fcber seine eigene Furious\u2122-Instanz mit seiner eigenen Datenbank. Die \u00fcbertragenen Rohdaten werden vor\u00fcbergehend in der Datenbank der Furious\u2122-Instanz des Nutzers gespeichert. Sobald die Daten \u00fcbertragen wurden, kann der Nutzer sie validieren und entscheiden, ob er sie in seine Furious\u2122-Anwendung importieren m\u00f6chte oder nicht. <b>Weitergabe der Daten<\/b> Furious\u2122 teilt diese Daten nicht in irgendeiner Weise mit Dritten. Die Daten werden nur im Rahmen der Funktionalit\u00e4ten der Furious\u2122-App und gem\u00e4\u00df den Entscheidungen des Nutzers verwendet. <b>Sicherheit und L\u00f6schung von Daten<\/b> Die Daten werden auf sichere Weise \u00fcbertragen und gespeichert. Die Rohdaten werden f\u00fcr die Dauer der Manipulation aufbewahrt und innerhalb von maximal 48 Stunden nach der \u00dcbertragung gel\u00f6scht.              Der Nutzer kann sich jederzeit daf\u00fcr entscheiden, seine Daten in seiner eigenen Furious\u2122-Instanz zu l\u00f6schen oder zu verwalten.  <b>Prozess der Daten\u00fcbertragung<\/b><\/p>\n<ol>\n<li class=\"ai-optimize-67\">Der Nutzer beantragt in der Furious\u2122-Anwendung eine Transferkennung (eindeutige ID).<\/li>\n<li class=\"ai-optimize-68\">Der Nutzer f\u00fcgt diese ID in das Formular des modalen Fensters der Furious\u2122-Erweiterung f\u00fcr Google Sheets\u2122 ein.<\/li>\n<li class=\"ai-optimize-69\">Wenn Sie auf &#8222;Senden&#8220; klicken, werden die Daten des aktiven Blattes von Google Sheets\u2122 \u00fcber eine sichere API an die Furious\u2122-Anwendung des Nutzers gesendet.<\/li>\n<li class=\"ai-optimize-70\">Der Nutzer validiert die erhaltenen Daten in seiner Furious\u2122-Anwendung und entscheidet, ob er sie importieren m\u00f6chte oder nicht.<\/li>\n<\/ol>\n<h2 class=\"ai-optimize-71\">Hinweis zur Google Calendar\u2122-Integration<\/h2>\n<p class=\"ai-optimize-72\">Gem\u00e4\u00df unserer Verpflichtung zum Datenschutz und zur Privatsph\u00e4re bietet Furious\u2122 eine Integrationsfunktion mit Google Calendar\u2122, die es den Nutzern erm\u00f6glicht, Ereignisse und Aufgaben zwischen den beiden Plattformen zu synchronisieren. Diese Integration funktioniert nach den folgenden DSGVO-konformen Prinzipien: <\/p>\n<ul>\n<li class=\"ai-optimize-73\"><strong>Datenminimierung:<\/strong> Nur die f\u00fcr die Synchronisation notwendigen Daten &#8211; genauer gesagt, die Kalenderereignisse und ihre Metadaten &#8211; sind zug\u00e4nglich und werden verarbeitet.<\/li>\n<li class=\"ai-optimize-74\"><strong>Zustimmung des Nutzers:<\/strong> Die Aktivierung der Integration erfordert die ausdr\u00fcckliche Zustimmung des Nutzers. Der Nutzer kann den Zugang jederzeit widerrufen, indem er die Integration in den Einstellungen seines Kontos deaktiviert. <\/li>\n<li class=\"ai-optimize-75\"><strong>Datensicherheit:<\/strong> Alle zwischen Furious\u2122 und Google Calendar\u2122 \u00fcbertragenen Daten werden w\u00e4hrend der \u00dcbertragung und im Ruhezustand verschl\u00fcsselt, wodurch ein Schutz vor unberechtigtem Zugriff gew\u00e4hrleistet wird.<\/li>\n<li class=\"ai-optimize-76\"><strong>Nutzung der Daten :<\/strong> Die zug\u00e4nglichen Daten werden ausschlie\u00dflich verwendet, um den Synchronisationsdienst zu erm\u00f6glichen und werden nicht f\u00fcr andere Zwecke verwendet.<\/li>\n<li class=\"ai-optimize-77\"><strong>Compliance mit Dritten:<\/strong> Unsere Nutzung und \u00dcbertragung von Informationen, die wir von Google <a href=\"https:\/\/developers.google.com\/terms\/api-services-user-data-policy#additional_requirements_for_specific_api_scopes\" target=\"_blank\" rel=\"noopener\">APIs  erhalten, entspricht der Google API Services User Data Policy <\/a>, einschlie\u00dflich der Anforderungen f\u00fcr die beschr\u00e4nkte Nutzung.<\/li>\n<\/ul>\n<p class=\"ai-optimize-78\">Die Nutzer behalten das Recht, auf ihre synchronisierten Daten gem\u00e4\u00df den Bestimmungen der DSGVO zuzugreifen, sie zu berichtigen oder zu l\u00f6schen. F\u00fcr weitere Informationen dar\u00fcber, wie wir mit pers\u00f6nlichen Daten umgehen, lesen Sie bitte unsere Datenschutzrichtlinie. <\/p>\n<h2 class=\"ai-optimize-79\">Anmerkung zum Furious\u2122 Drive-Connector<\/h2>\n<p class=\"ai-optimize-80\"><b>Einleitung<\/b> Furious verpflichtet sich, Ihre Privatsph\u00e4re zu sch\u00fctzen. Dieses Addendum beschreibt, wie wir mit personenbezogenen Daten im Rahmen der &#8222;Furious\u2122 Drive-Connector&#8220;-Funktionalit\u00e4t umgehen, die Google Drive\u2122, Google Docs\u2122, Google Sheets\u2122 und Google Forms\u2122 in unser ERP-System integriert. <b>Datenerhebung und -nutzung<\/b> Wenn Sie den &#8222;Furious\u2122 Drive-Connector&#8220; nutzen, erheben und verarbeiten wir die folgenden Informationen: <\/p>\n<ul>\n<li class=\"ai-optimize-81\"><strong>Google\u2122-Kontoinformationen:<\/strong> Mit Ihrer ausdr\u00fccklichen Zustimmung greifen wir auf die Details Ihres Google\u2122-Kontos zu, um die Authentifizierung und die Integration in unser ERP-System zu erleichtern.<\/li>\n<li class=\"ai-optimize-82\"><strong>Google Drive\u2122 Dateien und Metadaten:<\/strong> Mit Ihrer Erlaubnis greifen wir auf Dateien und deren Metadaten in Ihrem Google Drive\u2122 zu und verwalten diese, um sie mit Ihren Projekten in Furious\u2122 zu verkn\u00fcpfen.<\/li>\n<\/ul>\n<p class=\"ai-optimize-83\"><b>Zweck der Datenverarbeitung<\/b> Die gesammelten Daten werden nur zu folgenden Zwecken verwendet:<\/p>\n<ul>\n<li class=\"ai-optimize-84\">Authentifizieren Sie Ihr Google\u2122-Konto bei Furious\u2122.<\/li>\n<li class=\"ai-optimize-85\">Erm\u00f6glichen Sie die Verkn\u00fcpfung von Google Drive\u2122 Dokumenten mit Ihren Projekten in Furious\u2122.<\/li>\n<li class=\"ai-optimize-86\">Erm\u00f6glichen Sie die Erstellung neuer Google Docs\u2122, Google Sheets\u2122, Google Forms\u2122 und Google Slides\u2122 direkt aus Furious\u2122 heraus.<\/li>\n<\/ul>\n<p class=\"ai-optimize-87\"><b>Datenspeicherung und -sicherheit<\/b> Die folgenden Informationen werden von uns sicher gespeichert:<\/p>\n<ul>\n<li class=\"ai-optimize-88\"><strong>Access Tokens:<\/strong> Diese werden registriert, um zuk\u00fcnftige Verbindungen ohne wiederholte Authentifizierung zu erm\u00f6glichen.<\/li>\n<li class=\"ai-optimize-89\"><strong>Google\u2122 Datei-IDs:<\/strong> Diese werden gespeichert, um die Verbindung zwischen Ihren Furious\u2122-Projekten und den zugeh\u00f6rigen Google\u2122-Dokumenten aufrechtzuerhalten.<\/li>\n<\/ul>\n<p class=\"ai-optimize-90\">Alle Daten werden verschl\u00fcsselt und in separaten Datenbanken f\u00fcr jeden Kunden gespeichert, wodurch die Isolierung und Sicherheit der Daten gew\u00e4hrleistet wird. <b>Datenweitergabe<\/b> Wir geben die Informationen zu Ihrem Google\u2122-Konto und alle damit verbundenen Daten nicht an Dritte weiter. Die Daten werden ausschlie\u00dflich im Zusammenhang mit den Funktionen der Furious\u2122-Anwendung gem\u00e4\u00df Ihren Anweisungen verwendet. <b>Nutzerkontrolle<\/b> Sie haben die volle Kontrolle \u00fcber die Integration : <\/p>\n<ul>\n<li class=\"ai-optimize-91\">Widerruf <strong>des Zugriffs:<\/strong> Sie k\u00f6nnen den Zugriff der Anwendung auf Ihr Google\u2122-Konto jederzeit widerrufen. Sobald der Widerruf erfolgt ist, l\u00f6schen wir die gespeicherten Zugriffstoken. Sie m\u00fcssen sich dann erneut authentifizieren, wenn Sie die Integration erneut nutzen m\u00f6chten.  <\/li>\n<li class=\"ai-optimize-92\"><strong>Verwaltung verkn\u00fcpfter Dokumente:<\/strong> Sie k\u00f6nnen nach Belieben Google\u2122-Dokumente hinzuf\u00fcgen oder entfernen, die mit Ihren Projekten in Furious\u2122 verkn\u00fcpft sind.<\/li>\n<\/ul>\n<p class=\"ai-optimize-93\"><b>Einhaltung der Google\u2122 API Services User Data Policy<\/b> Unsere Nutzung und die \u00dcbertragung von Informationen, die wir von Google\u2122 APIs erhalten, entsprechen der Google\u2122 API Services User Data Policy, einschlie\u00dflich der Anforderungen f\u00fcr die eingeschr\u00e4nkte Nutzung.<\/p>\n<\/section>\n<section><\/section>\n<h2 class=\"ai-optimize-94\" id=\"google-sheets\">Hinweis zur Google Meet\u2122-Integration<\/h2>\n<section><\/section>\n<p>Furious\u2122 bietet auch eine Integration mit Google Meet\u2122, so dass die Nutzer Videokonferenzen direkt aus der Anwendung heraus planen und an ihnen teilnehmen k\u00f6nnen. Diese Integration erf\u00fcllt die folgenden Datenschutz- und Vertraulichkeitsprinzipien : <\/p>\n<p class=\"ai-optimize-95\">Datenminimierung: Es werden nur die Informationen verarbeitet, die f\u00fcr die Einrichtung und Verwaltung von Meetings unbedingt erforderlich sind (Titel, Datum, Uhrzeit, Link zur Videokonferenz).<\/p>\n<p class=\"ai-optimize-96\">Zustimmung des Nutzers: Die Aktivierung der Integration erfordert die ausdr\u00fcckliche Zustimmung des Nutzers. Dieser kann den Zugang jederzeit \u00fcber die Einstellungen seines Furious\u2122-Kontos oder in seinem Google\u2122-Konto widerrufen. <\/p>\n<p class=\"ai-optimize-97\">Sicherheit der Daten : Die zwischen Furious\u2122 und Google Meet\u2122 ausgetauschten Daten werden \u00fcber sichere und verschl\u00fcsselte APIs \u00fcbertragen. Furious\u2122 speichert weder die Inhalte der Meetings noch die Audio-\/Videostreams oder Transkripte. <\/p>\n<p class=\"ai-optimize-98\">Beschr\u00e4nkte Nutzung: Die zug\u00e4nglichen Daten werden ausschlie\u00dflich f\u00fcr die Funktion der Planung und Teilnahme an Meetings verwendet. Sie werden nicht mit Dritten geteilt oder f\u00fcr andere Zwecke verwendet. <\/p>\n<p class=\"ai-optimize-99\">Compliance: Die Nutzung und \u00dcbertragung von Informationen, die von Google APIs empfangen werden, erfolgt in \u00dcbereinstimmung mit der Google API Services User Data Policy, einschlie\u00dflich der Anforderungen f\u00fcr die eingeschr\u00e4nkte Nutzung.<\/p>\n<p class=\"ai-optimize-100\">Die Nutzer behalten jederzeit die M\u00f6glichkeit, ihre Informationen im Zusammenhang mit der Google Meet\u2122-Integration gem\u00e4\u00df der DSGVO und unserer Datenschutzrichtlinie zu verwalten, zu korrigieren oder zu l\u00f6schen.<\/p>\n","protected":false},"excerpt":{"rendered":"<p>GDPR-Richtlinie Zuletzt aktualisiert am 30. Januar 2025 Die Allgemeine Datenschutzverordnung (GDPR) f\u00fchrt neue Verantwortlichkeiten f\u00fcr Unternehmen wie Furious ein, die personenbezogene Daten verarbeiten. Die DSGVO verleiht auch neue Rechte f\u00fcr Personen, deren Daten verarbeitet werden, insbesondere das Recht auf Vergessenwerden und das Recht auf Daten\u00fcbertragbarkeit. Seit unserer Gr\u00fcndung war der Schutz personenbezogener Daten immer eine [&hellip;]<\/p>\n","protected":false},"author":1,"featured_media":0,"parent":0,"menu_order":0,"comment_status":"closed","ping_status":"closed","template":"template-simple.php","meta":{"_acf_changed":false,"footnotes":""},"class_list":["post-103622","page","type-page","status-publish","hentry"],"acf":[],"yoast_head":"<!-- This site is optimized with the Yoast SEO Premium plugin v25.3 (Yoast SEO v27.4) - https:\/\/yoast.com\/product\/yoast-seo-premium-wordpress\/ -->\n<title>DSGVO f\u00fcr das Management-Tool Furious | Furious<\/title>\n<meta name=\"description\" content=\"Furious ist das umfassendste Tool auf dem Markt zur Verwaltung Ihrer Agentur, Ihres Beratungsunternehmens oder Ihrer NSE - wir halten uns an die DSGVO.\" \/>\n<meta name=\"robots\" content=\"index, follow, max-snippet:-1, max-image-preview:large, max-video-preview:-1\" \/>\n<link rel=\"canonical\" href=\"https:\/\/www.furious-squad.com\/de\/dsgvo-furious-2\/\" \/>\n<meta property=\"og:locale\" content=\"de_DE\" \/>\n<meta property=\"og:type\" content=\"article\" \/>\n<meta property=\"og:title\" content=\"DSGVO des Verwaltungstools Furious\" \/>\n<meta property=\"og:description\" content=\"Furious ist das umfassendste Tool auf dem Markt zur Verwaltung Ihrer Agentur, Ihres Beratungsunternehmens oder Ihrer NSE - wir halten uns an die DSGVO.\" \/>\n<meta property=\"og:url\" content=\"https:\/\/www.furious-squad.com\/de\/dsgvo-furious-2\/\" \/>\n<meta property=\"og:site_name\" content=\"Furious\" \/>\n<meta property=\"article:modified_time\" content=\"2026-04-09T00:16:34+00:00\" \/>\n<meta name=\"twitter:card\" content=\"summary_large_image\" \/>\n<meta name=\"twitter:label1\" content=\"Gesch\u00e4tzte Lesezeit\" \/>\n\t<meta name=\"twitter:data1\" content=\"8 Minuten\" \/>\n<script type=\"application\/ld+json\" class=\"yoast-schema-graph\">{\"@context\":\"https:\\\/\\\/schema.org\",\"@graph\":[{\"@type\":\"WebPage\",\"@id\":\"https:\\\/\\\/www.furious-squad.com\\\/de\\\/dsgvo-furious-2\\\/\",\"url\":\"https:\\\/\\\/www.furious-squad.com\\\/de\\\/dsgvo-furious-2\\\/\",\"name\":\"DSGVO f\u00fcr das Management-Tool Furious | Furious\",\"isPartOf\":{\"@id\":\"https:\\\/\\\/www.furious-squad.com\\\/de\\\/#website\"},\"datePublished\":\"2026-02-27T14:50:38+00:00\",\"dateModified\":\"2026-04-09T00:16:34+00:00\",\"description\":\"Furious ist das umfassendste Tool auf dem Markt zur Verwaltung Ihrer Agentur, Ihres Beratungsunternehmens oder Ihrer NSE - wir halten uns an die DSGVO.\",\"breadcrumb\":{\"@id\":\"https:\\\/\\\/www.furious-squad.com\\\/de\\\/dsgvo-furious-2\\\/#breadcrumb\"},\"inLanguage\":\"de\",\"potentialAction\":[{\"@type\":\"ReadAction\",\"target\":[\"https:\\\/\\\/www.furious-squad.com\\\/de\\\/dsgvo-furious-2\\\/\"]}]},{\"@type\":\"BreadcrumbList\",\"@id\":\"https:\\\/\\\/www.furious-squad.com\\\/de\\\/dsgvo-furious-2\\\/#breadcrumb\",\"itemListElement\":[{\"@type\":\"ListItem\",\"position\":1,\"name\":\"Home\",\"item\":\"https:\\\/\\\/www.furious-squad.com\\\/de\\\/\"},{\"@type\":\"ListItem\",\"position\":2,\"name\":\"DSGVO des Verwaltungstools Furious\"}]},{\"@type\":\"WebSite\",\"@id\":\"https:\\\/\\\/www.furious-squad.com\\\/de\\\/#website\",\"url\":\"https:\\\/\\\/www.furious-squad.com\\\/de\\\/\",\"name\":\"Furious\",\"description\":\"\",\"potentialAction\":[{\"@type\":\"SearchAction\",\"target\":{\"@type\":\"EntryPoint\",\"urlTemplate\":\"https:\\\/\\\/www.furious-squad.com\\\/de\\\/?s={search_term_string}\"},\"query-input\":{\"@type\":\"PropertyValueSpecification\",\"valueRequired\":true,\"valueName\":\"search_term_string\"}}],\"inLanguage\":\"de\"}]}<\/script>\n<!-- \/ Yoast SEO Premium plugin. -->","yoast_head_json":{"title":"DSGVO f\u00fcr das Management-Tool Furious | Furious","description":"Furious ist das umfassendste Tool auf dem Markt zur Verwaltung Ihrer Agentur, Ihres Beratungsunternehmens oder Ihrer NSE - wir halten uns an die DSGVO.","robots":{"index":"index","follow":"follow","max-snippet":"max-snippet:-1","max-image-preview":"max-image-preview:large","max-video-preview":"max-video-preview:-1"},"canonical":"https:\/\/www.furious-squad.com\/de\/dsgvo-furious-2\/","og_locale":"de_DE","og_type":"article","og_title":"DSGVO des Verwaltungstools Furious","og_description":"Furious ist das umfassendste Tool auf dem Markt zur Verwaltung Ihrer Agentur, Ihres Beratungsunternehmens oder Ihrer NSE - wir halten uns an die DSGVO.","og_url":"https:\/\/www.furious-squad.com\/de\/dsgvo-furious-2\/","og_site_name":"Furious","article_modified_time":"2026-04-09T00:16:34+00:00","twitter_card":"summary_large_image","twitter_misc":{"Gesch\u00e4tzte Lesezeit":"8 Minuten"},"schema":{"@context":"https:\/\/schema.org","@graph":[{"@type":"WebPage","@id":"https:\/\/www.furious-squad.com\/de\/dsgvo-furious-2\/","url":"https:\/\/www.furious-squad.com\/de\/dsgvo-furious-2\/","name":"DSGVO f\u00fcr das Management-Tool Furious | Furious","isPartOf":{"@id":"https:\/\/www.furious-squad.com\/de\/#website"},"datePublished":"2026-02-27T14:50:38+00:00","dateModified":"2026-04-09T00:16:34+00:00","description":"Furious ist das umfassendste Tool auf dem Markt zur Verwaltung Ihrer Agentur, Ihres Beratungsunternehmens oder Ihrer NSE - wir halten uns an die DSGVO.","breadcrumb":{"@id":"https:\/\/www.furious-squad.com\/de\/dsgvo-furious-2\/#breadcrumb"},"inLanguage":"de","potentialAction":[{"@type":"ReadAction","target":["https:\/\/www.furious-squad.com\/de\/dsgvo-furious-2\/"]}]},{"@type":"BreadcrumbList","@id":"https:\/\/www.furious-squad.com\/de\/dsgvo-furious-2\/#breadcrumb","itemListElement":[{"@type":"ListItem","position":1,"name":"Home","item":"https:\/\/www.furious-squad.com\/de\/"},{"@type":"ListItem","position":2,"name":"DSGVO des Verwaltungstools Furious"}]},{"@type":"WebSite","@id":"https:\/\/www.furious-squad.com\/de\/#website","url":"https:\/\/www.furious-squad.com\/de\/","name":"Furious","description":"","potentialAction":[{"@type":"SearchAction","target":{"@type":"EntryPoint","urlTemplate":"https:\/\/www.furious-squad.com\/de\/?s={search_term_string}"},"query-input":{"@type":"PropertyValueSpecification","valueRequired":true,"valueName":"search_term_string"}}],"inLanguage":"de"}]}},"_links":{"self":[{"href":"https:\/\/www.furious-squad.com\/de\/wp-json\/wp\/v2\/pages\/103622","targetHints":{"allow":["GET"]}}],"collection":[{"href":"https:\/\/www.furious-squad.com\/de\/wp-json\/wp\/v2\/pages"}],"about":[{"href":"https:\/\/www.furious-squad.com\/de\/wp-json\/wp\/v2\/types\/page"}],"author":[{"embeddable":true,"href":"https:\/\/www.furious-squad.com\/de\/wp-json\/wp\/v2\/users\/1"}],"replies":[{"embeddable":true,"href":"https:\/\/www.furious-squad.com\/de\/wp-json\/wp\/v2\/comments?post=103622"}],"version-history":[{"count":2,"href":"https:\/\/www.furious-squad.com\/de\/wp-json\/wp\/v2\/pages\/103622\/revisions"}],"predecessor-version":[{"id":108845,"href":"https:\/\/www.furious-squad.com\/de\/wp-json\/wp\/v2\/pages\/103622\/revisions\/108845"}],"wp:attachment":[{"href":"https:\/\/www.furious-squad.com\/de\/wp-json\/wp\/v2\/media?parent=103622"}],"curies":[{"name":"wp","href":"https:\/\/api.w.org\/{rel}","templated":true}]}}