{"id":103721,"date":"2026-02-23T01:38:20","date_gmt":"2026-02-23T00:38:20","guid":{"rendered":"https:\/\/furious.digitz.dev\/herramienta-de-gestion-de-la-calidad-de-la-agencia-y-la-esn\/"},"modified":"2026-04-13T17:26:23","modified_gmt":"2026-04-13T15:26:23","slug":"gestion-de-la-calidad","status":"publish","type":"page","link":"https:\/\/www.furious-squad.com\/es\/modulo\/gestion-de-la-calidad\/","title":{"rendered":"Herramienta de gesti\u00f3n de la calidad de la Agencia y la ESN"},"content":{"rendered":"","protected":false},"excerpt":{"rendered":"","protected":false},"author":1,"featured_media":0,"parent":103740,"menu_order":0,"comment_status":"closed","ping_status":"closed","template":"","meta":{"_acf_changed":false,"footnotes":""},"class_list":["post-103721","page","type-page","status-publish","hentry"],"acf":[],"yoast_head":"<!-- This site is optimized with the Yoast SEO Premium plugin v25.3 (Yoast SEO v27.4) - https:\/\/yoast.com\/product\/yoast-seo-premium-wordpress\/ -->\n<title>Herramienta de gesti\u00f3n de la calidad agencia &amp; ESN | Furious<\/title>\n<meta name=\"description\" content=\"Furious te proporciona herramientas de gesti\u00f3n de calidad, valoraci\u00f3n de clientes y valoraci\u00f3n de empleados para agencias.\" \/>\n<meta name=\"robots\" content=\"index, follow, max-snippet:-1, max-image-preview:large, max-video-preview:-1\" \/>\n<link rel=\"canonical\" href=\"https:\/\/www.furious-squad.com\/es\/modulo\/gestion-de-la-calidad\/\" \/>\n<meta property=\"og:locale\" content=\"es_ES\" \/>\n<meta property=\"og:type\" content=\"article\" \/>\n<meta property=\"og:title\" content=\"Herramienta de gesti\u00f3n de la calidad de la Agencia y la ESN\" \/>\n<meta property=\"og:description\" content=\"Furious te proporciona herramientas de gesti\u00f3n de calidad, valoraci\u00f3n de clientes y valoraci\u00f3n de empleados para agencias.\" \/>\n<meta property=\"og:url\" content=\"https:\/\/www.furious-squad.com\/es\/modulo\/gestion-de-la-calidad\/\" \/>\n<meta property=\"og:site_name\" content=\"Furious\" \/>\n<meta property=\"article:modified_time\" content=\"2026-04-13T15:26:23+00:00\" \/>\n<meta name=\"twitter:card\" content=\"summary_large_image\" \/>\n<script type=\"application\/ld+json\" class=\"yoast-schema-graph\">{\"@context\":\"https:\\\/\\\/schema.org\",\"@graph\":[{\"@type\":\"WebPage\",\"@id\":\"https:\\\/\\\/www.furious-squad.com\\\/es\\\/modulo\\\/gestion-de-la-calidad\\\/\",\"url\":\"https:\\\/\\\/www.furious-squad.com\\\/es\\\/modulo\\\/gestion-de-la-calidad\\\/\",\"name\":\"Herramienta de gesti\u00f3n de la calidad agencia & ESN | Furious\",\"isPartOf\":{\"@id\":\"https:\\\/\\\/www.furious-squad.com\\\/es\\\/#website\"},\"datePublished\":\"2026-02-23T00:38:20+00:00\",\"dateModified\":\"2026-04-13T15:26:23+00:00\",\"description\":\"Furious te proporciona herramientas de gesti\u00f3n de calidad, valoraci\u00f3n de clientes y valoraci\u00f3n de empleados para agencias.\",\"breadcrumb\":{\"@id\":\"https:\\\/\\\/www.furious-squad.com\\\/es\\\/modulo\\\/gestion-de-la-calidad\\\/#breadcrumb\"},\"inLanguage\":\"es\",\"potentialAction\":[{\"@type\":\"ReadAction\",\"target\":[\"https:\\\/\\\/www.furious-squad.com\\\/es\\\/modulo\\\/gestion-de-la-calidad\\\/\"]}]},{\"@type\":\"BreadcrumbList\",\"@id\":\"https:\\\/\\\/www.furious-squad.com\\\/es\\\/modulo\\\/gestion-de-la-calidad\\\/#breadcrumb\",\"itemListElement\":[{\"@type\":\"ListItem\",\"position\":1,\"name\":\"Home\",\"item\":\"https:\\\/\\\/www.furious-squad.com\\\/es\\\/\"},{\"@type\":\"ListItem\",\"position\":2,\"name\":\"M\u00f3dulo\",\"item\":\"https:\\\/\\\/www.furious-squad.com\\\/es\\\/modulo\\\/\"},{\"@type\":\"ListItem\",\"position\":3,\"name\":\"Herramienta de gesti\u00f3n de la calidad de la Agencia y la ESN\"}]},{\"@type\":\"WebSite\",\"@id\":\"https:\\\/\\\/www.furious-squad.com\\\/es\\\/#website\",\"url\":\"https:\\\/\\\/www.furious-squad.com\\\/es\\\/\",\"name\":\"Furious\",\"description\":\"\",\"potentialAction\":[{\"@type\":\"SearchAction\",\"target\":{\"@type\":\"EntryPoint\",\"urlTemplate\":\"https:\\\/\\\/www.furious-squad.com\\\/es\\\/?s={search_term_string}\"},\"query-input\":{\"@type\":\"PropertyValueSpecification\",\"valueRequired\":true,\"valueName\":\"search_term_string\"}}],\"inLanguage\":\"es\"}]}<\/script>\n<!-- \/ Yoast SEO Premium plugin. -->","yoast_head_json":{"title":"Herramienta de gesti\u00f3n de la calidad agencia & ESN | Furious","description":"Furious te proporciona herramientas de gesti\u00f3n de calidad, valoraci\u00f3n de clientes y valoraci\u00f3n de empleados para agencias.","robots":{"index":"index","follow":"follow","max-snippet":"max-snippet:-1","max-image-preview":"max-image-preview:large","max-video-preview":"max-video-preview:-1"},"canonical":"https:\/\/www.furious-squad.com\/es\/modulo\/gestion-de-la-calidad\/","og_locale":"es_ES","og_type":"article","og_title":"Herramienta de gesti\u00f3n de la calidad de la Agencia y la ESN","og_description":"Furious te proporciona herramientas de gesti\u00f3n de calidad, valoraci\u00f3n de clientes y valoraci\u00f3n de empleados para agencias.","og_url":"https:\/\/www.furious-squad.com\/es\/modulo\/gestion-de-la-calidad\/","og_site_name":"Furious","article_modified_time":"2026-04-13T15:26:23+00:00","twitter_card":"summary_large_image","schema":{"@context":"https:\/\/schema.org","@graph":[{"@type":"WebPage","@id":"https:\/\/www.furious-squad.com\/es\/modulo\/gestion-de-la-calidad\/","url":"https:\/\/www.furious-squad.com\/es\/modulo\/gestion-de-la-calidad\/","name":"Herramienta de gesti\u00f3n de la calidad agencia & ESN | Furious","isPartOf":{"@id":"https:\/\/www.furious-squad.com\/es\/#website"},"datePublished":"2026-02-23T00:38:20+00:00","dateModified":"2026-04-13T15:26:23+00:00","description":"Furious te proporciona herramientas de gesti\u00f3n de calidad, valoraci\u00f3n de clientes y valoraci\u00f3n de empleados para agencias.","breadcrumb":{"@id":"https:\/\/www.furious-squad.com\/es\/modulo\/gestion-de-la-calidad\/#breadcrumb"},"inLanguage":"es","potentialAction":[{"@type":"ReadAction","target":["https:\/\/www.furious-squad.com\/es\/modulo\/gestion-de-la-calidad\/"]}]},{"@type":"BreadcrumbList","@id":"https:\/\/www.furious-squad.com\/es\/modulo\/gestion-de-la-calidad\/#breadcrumb","itemListElement":[{"@type":"ListItem","position":1,"name":"Home","item":"https:\/\/www.furious-squad.com\/es\/"},{"@type":"ListItem","position":2,"name":"M\u00f3dulo","item":"https:\/\/www.furious-squad.com\/es\/modulo\/"},{"@type":"ListItem","position":3,"name":"Herramienta de gesti\u00f3n de la calidad de la Agencia y la ESN"}]},{"@type":"WebSite","@id":"https:\/\/www.furious-squad.com\/es\/#website","url":"https:\/\/www.furious-squad.com\/es\/","name":"Furious","description":"","potentialAction":[{"@type":"SearchAction","target":{"@type":"EntryPoint","urlTemplate":"https:\/\/www.furious-squad.com\/es\/?s={search_term_string}"},"query-input":{"@type":"PropertyValueSpecification","valueRequired":true,"valueName":"search_term_string"}}],"inLanguage":"es"}]}},"_links":{"self":[{"href":"https:\/\/www.furious-squad.com\/es\/wp-json\/wp\/v2\/pages\/103721","targetHints":{"allow":["GET"]}}],"collection":[{"href":"https:\/\/www.furious-squad.com\/es\/wp-json\/wp\/v2\/pages"}],"about":[{"href":"https:\/\/www.furious-squad.com\/es\/wp-json\/wp\/v2\/types\/page"}],"author":[{"embeddable":true,"href":"https:\/\/www.furious-squad.com\/es\/wp-json\/wp\/v2\/users\/1"}],"replies":[{"embeddable":true,"href":"https:\/\/www.furious-squad.com\/es\/wp-json\/wp\/v2\/comments?post=103721"}],"version-history":[{"count":9,"href":"https:\/\/www.furious-squad.com\/es\/wp-json\/wp\/v2\/pages\/103721\/revisions"}],"predecessor-version":[{"id":110261,"href":"https:\/\/www.furious-squad.com\/es\/wp-json\/wp\/v2\/pages\/103721\/revisions\/110261"}],"up":[{"embeddable":true,"href":"https:\/\/www.furious-squad.com\/es\/wp-json\/wp\/v2\/pages\/103740"}],"wp:attachment":[{"href":"https:\/\/www.furious-squad.com\/es\/wp-json\/wp\/v2\/media?parent=103721"}],"curies":[{"name":"wp","href":"https:\/\/api.w.org\/{rel}","templated":true}]}}