{"id":103620,"date":"2026-02-27T15:50:38","date_gmt":"2026-02-27T14:50:38","guid":{"rendered":"https:\/\/furious.digitz.dev\/strumento-di-gestione-rgpd-of-the-furious\/"},"modified":"2026-04-09T02:15:40","modified_gmt":"2026-04-09T00:15:40","slug":"rgpd","status":"publish","type":"page","link":"https:\/\/www.furious-squad.com\/it\/rgpd\/","title":{"rendered":"Strumento di gestione RGPD of the Furious"},"content":{"rendered":"<section>\n<section>\n<h2 data-elementor-setting-key=\"title\" data-pen-placeholder=\"\u00c9crivez ici...\">Informativa GDPR<\/h2>\n<h1><strong>Ultimo aggiornamento il 30 gennaio 2025<\/strong><\/h1>\n<p>Il Regolamento generale sulla protezione dei dati (GDPR) introduce nuove responsabilit\u00e0 per le aziende come Furious che trattano dati personali. Il GDPR conferisce inoltre nuovi diritti alle persone i cui dati sono trattati, in particolare il diritto all\u2019oblio e il diritto alla portabilit\u00e0 dei dati. Fin dalla nostra creazione, la protezione dei dati personali \u00e8 sempre stata una priorit\u00e0, e Furious ha gi\u00e0 adottato tutte le misure necessarie per conformarsi al GDPR, garantendo che i nostri servizi operino in un quadro legale sicuro e trasparente. Tra le misure che abbiamo implementato per garantire la conformit\u00e0 al GDPR:<\/p>\n<ul>\n<li>Stabilire accordi contrattuali chiari che descrivono gli obblighi e le responsabilit\u00e0 di Furious e dei nostri clienti per quanto riguarda la raccolta e il trattamento dei dati personali.\n<ul>\n<li>\u00c8 importante notare che, nell\u2019ambito dei nostri servizi, Furious agisce in qualit\u00e0 di responsabile del trattamento per i nostri clienti. Di conseguenza, spetta anche ai nostri clienti assicurarsi che le loro operazioni siano conformi al GDPR, in particolare per quanto riguarda la raccolta, l\u2019utilizzo e la conservazione dei dati personali trasmessi a Furious.<\/li>\n<\/ul>\n<\/li>\n<li>Mantenere un registro delle attivit\u00e0 di trattamento al fine di monitorare e aggiornare tutte le attivit\u00e0 di trattamento dei dati.<\/li>\n<li>Implementare procedure per proteggere i dati personali e minimizzare il rischio di violazioni dei dati, nonch\u00e9 protocolli per informare il Garante in caso di tali incidenti.<\/li>\n<\/ul>\n<p>Per saperne di pi\u00f9 su come Furious utilizza i tuoi dati, puoi consultare la nostra\u00a0<a href=\"https:\/\/www.furious-squad.com\/it\/?page_id=44186\/\" target=\"_blank\" rel=\"noopener noreferrer\">Informativa sulla protezione dei dati\u00a0<\/a>.<\/p>\n<h2>Nota sull\u2019estensione Google Sheets\u2122<\/h2>\n<p>L\u2019estensione Google Sheets\u2122 di Furious consente di trasferire i dati da un foglio a Furious\u2122. Nessuna informazione relativa all\u2019account Google\u2122 dell\u2019utente viene trasferita. Per eseguire questa operazione, l\u2019utente deve possedere un account Furious\u2122 e disporre dei diritti necessari. I dati trasferiti rimangono di propriet\u00e0 dell\u2019utente. In nessun caso Furious\u2122 condivide questi dati n\u00e9 li rende pubblici. I dati grezzi trasferiti sono conservati solo per la durata della manipolazione. Vengono poi eliminati entro un massimo di 48 ore.\u00a0<b>Come avviene il trasferimento dei dati dal foglio Google Sheets\u2122?<\/b><\/p>\n<ol>\n<li>L\u2019utente richiede un identificativo di trasferimento nell\u2019applicazione Furious\u2122. Questo identificativo \u00e8 una chiave unica che scade dopo 48 ore.<\/li>\n<li>L\u2019utente copia quindi questa chiave nella finestra modale dell\u2019estensione Furious\u2122 per Google Sheets\u2122. Una volta convalidata la chiave, i dati del foglio vengono inviati a Furious\u2122 tramite API.<\/li>\n<\/ol>\n<p><b>Accesso ai dati Google<\/b>\u00a0L\u2019utente si identifica su Google Sheets\u2122. Furious\u2122 non interviene nel processo di identificazione. L\u2019utente installa quindi l\u2019estensione Furious\u2122 per Google Sheets\u2122 da Google Marketplace\u2122 e accetta i termini della schermata di consenso. Nessuna informazione relativa all\u2019account Google\u2122 dell\u2019utente viene trasferita a Furious\u2122.\u00a0<b>Utilizzo dei dati<\/b>\u00a0L\u2019utilizzo e il trasferimento da parte dell\u2019estensione Furious\u2122 per Google Sheets\u2122 di qualsiasi informazione ricevuta dalle API Google avverranno in conformit\u00e0 con la\u00a0<a href=\"https:\/\/developers.google.com\/terms\/api-services-user-data-policy#additional_requirements_for_specific_api_scopes\" target=\"_blank\" rel=\"noopener noreferrer\">Google API Services User Data Policy\u00a0<\/a>, inclusi i requisiti di Utilizzo Limitato. Una volta installata l\u2019estensione, l\u2019utente dispone di un nuovo menu \u201cFurious\u201d in Google Sheets\u2122. Selezionando \u201cEsporta dati in Furious\u201d da questo menu, si apre una finestra modale contenente un modulo. Questo modulo contiene un campo ID nel quale l\u2019utente deve incollare l\u2019identificativo di trasferimento unico fornito dall\u2019applicazione Furious\u2122. Quando l\u2019utente convalida il modulo con il pulsante \u201cInvia\u201d, i dati del foglio attivo di Google Sheets\u2122 vengono trasmessi all\u2019applicazione Furious\u2122 dell\u2019utente tramite un\u2019API sicura. Questi dati vengono poi archiviati nel database dell\u2019istanza Furious\u2122 dell\u2019utente.\u00a0<b>Archiviazione dei dati<\/b>\u00a0I dati trasferiti rimangono di propriet\u00e0 dell\u2019utente. Ogni utente dispone della propria istanza Furious\u2122 con il proprio database. I dati grezzi trasferiti sono temporaneamente archiviati nel database dell\u2019istanza Furious\u2122 dell\u2019utente. Una volta trasferiti i dati, l\u2019utente pu\u00f2 convalidarli e scegliere se importarli o meno nella sua applicazione Furious\u2122.\u00a0<b>Condivisione dei dati<\/b>\u00a0Furious\u2122 non condivide questi dati con terze parti in alcun modo. I dati vengono utilizzati esclusivamente nell\u2019ambito delle funzionalit\u00e0 dell\u2019applicazione Furious\u2122 e in conformit\u00e0 con le scelte dell\u2019utente.\u00a0<b>Sicurezza ed eliminazione dei dati<\/b>\u00a0I dati vengono trasmessi e archiviati in modo sicuro. I dati grezzi sono conservati per la durata della manipolazione e vengono eliminati entro un massimo di 48 ore dal trasferimento. L\u2019utente pu\u00f2 scegliere di eliminare o gestire i propri dati nella propria istanza Furious\u2122 in qualsiasi momento.\u00a0<b>Processo di trasferimento dei dati<\/b><\/p>\n<ol>\n<li>L\u2019utente richiede un identificativo di trasferimento (ID unico) nell\u2019applicazione Furious\u2122.<\/li>\n<li>L\u2019utente incolla questo ID nel modulo della finestra modale dell\u2019estensione Furious\u2122 per Google Sheets\u2122.<\/li>\n<li>Cliccando su \u201cInvia\u201d, i dati del foglio attivo di Google Sheets\u2122 vengono inviati all\u2019applicazione Furious\u2122 dell\u2019utente tramite un\u2019API sicura.<\/li>\n<li>L\u2019utente convalida i dati ricevuti nella sua applicazione Furious\u2122 e sceglie se importarli o meno.<\/li>\n<\/ol>\n<h2>Nota sull\u2019integrazione Google Calendar\u2122<\/h2>\n<p>In conformit\u00e0 con il nostro impegno in materia di protezione dei dati e della privacy, Furious\u2122 offre una funzione di integrazione con Google Calendar\u2122, che consente agli utenti di sincronizzare eventi e attivit\u00e0 tra le due piattaforme. Questa integrazione funziona secondo i seguenti principi conformi al GDPR:<\/p>\n<ul>\n<li><strong>Minimizzazione dei dati:<\/strong>\u00a0Solo i dati necessari alla sincronizzazione \u2014pi\u00f9 precisamente, gli eventi del calendario e i loro metadati\u2014 sono accessibili e trattati.<\/li>\n<li><strong>Consenso dell\u2019utente:<\/strong>\u00a0L\u2019attivazione dell\u2019integrazione richiede il consenso esplicito dell\u2019utente. L\u2019utente pu\u00f2 revocare l\u2019accesso in qualsiasi momento disattivando l\u2019integrazione nelle impostazioni del proprio account.<\/li>\n<li><strong>Sicurezza dei dati:<\/strong>\u00a0Tutti i dati trasmessi tra Furious\u2122 e Google Calendar\u2122 sono crittografati durante il trasferimento e a riposo, garantendo una protezione contro qualsiasi accesso non autorizzato.<\/li>\n<li><strong>Utilizzo dei dati:<\/strong>\u00a0I dati accessibili sono utilizzati esclusivamente per consentire il servizio di sincronizzazione e non vengono utilizzati per altri scopi.<\/li>\n<li><strong>Conformit\u00e0 con terze parti:<\/strong>\u00a0Il nostro utilizzo e il trasferimento delle informazioni ricevute dalle API Google rispettano la\u00a0<a href=\"https:\/\/developers.google.com\/terms\/api-services-user-data-policy#additional_requirements_for_specific_api_scopes\" target=\"_blank\" rel=\"noopener\">Google API Services User Data Policy\u00a0<\/a>, inclusi i requisiti di Utilizzo Limitato.<\/li>\n<\/ul>\n<p>Gli utenti conservano il diritto di accedere, rettificare o eliminare i propri dati sincronizzati in conformit\u00e0 con le disposizioni del GDPR. Per maggiori informazioni su come gestiamo i dati personali, consulta la nostra Informativa sulla protezione dei dati.<\/p>\n<h2>Nota sul Furious\u2122 Drive-Connector<\/h2>\n<p><b>Introduzione<\/b>\u00a0Furious si impegna a proteggere la tua privacy. Questo addendum descrive come gestiamo i dati personali nell\u2019ambito della funzionalit\u00e0 \u201cFurious\u2122 Drive-Connector\u201d, che integra Google Drive\u2122, Google Docs\u2122, Google Sheets\u2122 e Google Forms\u2122 al nostro sistema ERP.\u00a0<b>Raccolta e utilizzo dei dati<\/b>\u00a0Quando utilizzi il \u201cFurious\u2122 Drive-Connector\u201d, raccogliamo e trattiamo le seguenti informazioni:<\/p>\n<ul>\n<li><strong>Informazioni relative all\u2019account Google\u2122:<\/strong>\u00a0Con il tuo consenso esplicito, accediamo ai dettagli del tuo account Google\u2122 per facilitare l\u2019autenticazione e l\u2019integrazione con il nostro sistema ERP.<\/li>\n<li><strong>File e metadati Google Drive\u2122:<\/strong>\u00a0Con la tua autorizzazione, accediamo e gestiamo i file e i loro metadati nel tuo Google Drive\u2122 al fine di associarli ai tuoi progetti in Furious\u2122.<\/li>\n<\/ul>\n<p><b>Finalit\u00e0 del trattamento dei dati<\/b>\u00a0I dati raccolti vengono utilizzati unicamente per:<\/p>\n<ul>\n<li>Autenticare il tuo account Google\u2122 con Furious\u2122.<\/li>\n<li>Consentire l\u2019associazione dei documenti Google Drive\u2122 ai tuoi progetti in Furious\u2122.<\/li>\n<li>Autorizzare la creazione di nuovi Google Docs\u2122, Google Sheets\u2122, Google Forms\u2122 e Google Slides\u2122 direttamente da Furious\u2122.<\/li>\n<\/ul>\n<p><b>Archiviazione e sicurezza dei dati<\/b>\u00a0Archiviamo le seguenti informazioni in modo sicuro:<\/p>\n<ul>\n<li><strong>Token di accesso (Access Tokens):<\/strong>\u00a0Vengono registrati per consentire connessioni future senza autenticazione ripetuta.<\/li>\n<li><strong>ID file Google\u2122:<\/strong>\u00a0Vengono registrati per mantenere il collegamento tra i tuoi progetti Furious\u2122 e i documenti Google\u2122 associati.<\/li>\n<\/ul>\n<p>Tutti i dati sono crittografati e archiviati in database distinti per ogni cliente, garantendo l\u2019isolamento e la sicurezza dei dati.\u00a0<b>Condivisione dei dati<\/b>\u00a0Non condividiamo le informazioni relative al tuo account Google\u2122 n\u00e9 alcun dato associato con terze parti. I dati vengono utilizzati esclusivamente nell\u2019ambito delle funzionalit\u00e0 dell\u2019applicazione Furious\u2122, in conformit\u00e0 con le tue istruzioni.\u00a0<b>Controllo dell\u2019utente<\/b>\u00a0Hai il controllo totale sull\u2019integrazione:<\/p>\n<ul>\n<li><strong>Revoca dell\u2019accesso:<\/strong>\u00a0Puoi revocare l\u2019accesso dell\u2019applicazione al tuo account Google\u2122 in qualsiasi momento. Una volta effettuata la revoca, eliminiamo i token di accesso archiviati. Dovrai quindi riautenticarti se desideri utilizzare nuovamente l\u2019integrazione.<\/li>\n<li><strong>Gestione dei documenti collegati:<\/strong>\u00a0Puoi aggiungere o eliminare a tuo piacimento i documenti Google\u2122 collegati ai tuoi progetti in Furious\u2122.<\/li>\n<\/ul>\n<p><b>Conformit\u00e0 con la Google\u2122 API Services User Data Policy<\/b>\u00a0Il nostro utilizzo e il trasferimento delle informazioni ricevute dalle API Google\u2122 rispettano la Google\u2122 API Services User Data Policy, inclusi i requisiti di Utilizzo Limitato.<\/p>\n<\/section>\n<section><\/section>\n<h2 id=\"google-sheets\">Nota sull\u2019integrazione Google Meet\u2122<\/h2>\n<h2 class=\"ai-optimize-54\" data-elementor-setting-key=\"title\" data-pen-placeholder=\"\u00c9crivez ici...\"><\/h2>\n<section><\/section>\n<section>Furious\u2122 offre anche un\u2019integrazione con Google Meet\u2122, che consente agli utenti di pianificare e partecipare a videoconferenze direttamente dall\u2019applicazione. Questa integrazione rispetta i seguenti principi di protezione dei dati e di privacy:<\/p>\n<p>Minimizzazione dei dati: Vengono trattate solo le informazioni strettamente necessarie alla creazione e alla gestione delle riunioni (titolo, data, ora, link della videoconferenza).<\/p>\n<p>Consenso dell\u2019utente: L\u2019attivazione dell\u2019integrazione richiede il consenso esplicito dell\u2019utente. L\u2019utente pu\u00f2 revocare l\u2019accesso in qualsiasi momento dalle impostazioni del proprio account Furious\u2122 o dal proprio account Google\u2122.<\/p>\n<p>Sicurezza dei dati: I dati scambiati tra Furious\u2122 e Google Meet\u2122 vengono trasmessi tramite API sicure e crittografate. Furious\u2122 non conserva n\u00e9 i contenuti delle riunioni, n\u00e9 i flussi audio\/video, n\u00e9 le trascrizioni.<\/p>\n<p>Utilizzo limitato: I dati accessibili vengono utilizzati unicamente nell\u2019ambito della funzionalit\u00e0 di pianificazione e partecipazione alle riunioni. Non vengono n\u00e9 condivisi con terze parti n\u00e9 sfruttati per altri scopi.<\/p>\n<p>Conformit\u00e0: L\u2019utilizzo e il trasferimento delle informazioni ricevute dalle API Google rispettano la Google API Services User Data Policy, inclusi i requisiti di Utilizzo Limitato.<\/p>\n<p>Gli utenti conservano in qualsiasi momento la possibilit\u00e0 di gestire, rettificare o eliminare le proprie informazioni legate all\u2019integrazione Google Meet\u2122 in conformit\u00e0 al GDPR e alla nostra Informativa sulla protezione dei dati.<\/p>\n<\/section>\n<\/section>\n","protected":false},"excerpt":{"rendered":"<p>Informativa GDPR Ultimo aggiornamento il 30 gennaio 2025 Il Regolamento generale sulla protezione dei dati (GDPR) introduce nuove responsabilit\u00e0 per le aziende come Furious che trattano dati personali. Il GDPR conferisce inoltre nuovi diritti alle persone i cui dati sono trattati, in particolare il diritto all\u2019oblio e il diritto alla portabilit\u00e0 dei dati. Fin dalla [&hellip;]<\/p>\n","protected":false},"author":1,"featured_media":0,"parent":0,"menu_order":0,"comment_status":"closed","ping_status":"closed","template":"template-simple.php","meta":{"_acf_changed":false,"footnotes":""},"class_list":["post-103620","page","type-page","status-publish","hentry"],"acf":[],"yoast_head":"<!-- This site is optimized with the Yoast SEO Premium plugin v25.3 (Yoast SEO v27.4) - https:\/\/yoast.com\/product\/yoast-seo-premium-wordpress\/ -->\n<title>RGPD dello strumento di gestione Furious | Furious<\/title>\n<meta name=\"description\" content=\"Furious \u00e8 lo strumento pi\u00f9 completo sul mercato per la gestione della tua agenzia, della tua societ\u00e0 di consulenza o del tuo ESN - siamo conformi al RGPD.\" \/>\n<meta name=\"robots\" content=\"index, follow, max-snippet:-1, max-image-preview:large, max-video-preview:-1\" \/>\n<link rel=\"canonical\" href=\"https:\/\/www.furious-squad.com\/it\/rgpd\/\" \/>\n<meta property=\"og:locale\" content=\"it_IT\" \/>\n<meta property=\"og:type\" content=\"article\" \/>\n<meta property=\"og:title\" content=\"Strumento di gestione RGPD of the Furious\" \/>\n<meta property=\"og:description\" content=\"Furious \u00e8 lo strumento pi\u00f9 completo sul mercato per la gestione della tua agenzia, della tua societ\u00e0 di consulenza o del tuo ESN - siamo conformi al RGPD.\" \/>\n<meta property=\"og:url\" content=\"https:\/\/www.furious-squad.com\/it\/rgpd\/\" \/>\n<meta property=\"og:site_name\" content=\"Furious\" \/>\n<meta property=\"article:modified_time\" content=\"2026-04-09T00:15:40+00:00\" \/>\n<meta name=\"twitter:card\" content=\"summary_large_image\" \/>\n<meta name=\"twitter:label1\" content=\"Tempo di lettura stimato\" \/>\n\t<meta name=\"twitter:data1\" content=\"8 minuti\" \/>\n<script type=\"application\/ld+json\" class=\"yoast-schema-graph\">{\"@context\":\"https:\\\/\\\/schema.org\",\"@graph\":[{\"@type\":\"WebPage\",\"@id\":\"https:\\\/\\\/www.furious-squad.com\\\/it\\\/rgpd\\\/\",\"url\":\"https:\\\/\\\/www.furious-squad.com\\\/it\\\/rgpd\\\/\",\"name\":\"RGPD dello strumento di gestione Furious | Furious\",\"isPartOf\":{\"@id\":\"https:\\\/\\\/www.furious-squad.com\\\/it\\\/#website\"},\"datePublished\":\"2026-02-27T14:50:38+00:00\",\"dateModified\":\"2026-04-09T00:15:40+00:00\",\"description\":\"Furious \u00e8 lo strumento pi\u00f9 completo sul mercato per la gestione della tua agenzia, della tua societ\u00e0 di consulenza o del tuo ESN - siamo conformi al RGPD.\",\"breadcrumb\":{\"@id\":\"https:\\\/\\\/www.furious-squad.com\\\/it\\\/rgpd\\\/#breadcrumb\"},\"inLanguage\":\"it-IT\",\"potentialAction\":[{\"@type\":\"ReadAction\",\"target\":[\"https:\\\/\\\/www.furious-squad.com\\\/it\\\/rgpd\\\/\"]}]},{\"@type\":\"BreadcrumbList\",\"@id\":\"https:\\\/\\\/www.furious-squad.com\\\/it\\\/rgpd\\\/#breadcrumb\",\"itemListElement\":[{\"@type\":\"ListItem\",\"position\":1,\"name\":\"Home\",\"item\":\"https:\\\/\\\/www.furious-squad.com\\\/it\\\/\"},{\"@type\":\"ListItem\",\"position\":2,\"name\":\"Strumento di gestione RGPD of the Furious\"}]},{\"@type\":\"WebSite\",\"@id\":\"https:\\\/\\\/www.furious-squad.com\\\/it\\\/#website\",\"url\":\"https:\\\/\\\/www.furious-squad.com\\\/it\\\/\",\"name\":\"Furious\",\"description\":\"\",\"potentialAction\":[{\"@type\":\"SearchAction\",\"target\":{\"@type\":\"EntryPoint\",\"urlTemplate\":\"https:\\\/\\\/www.furious-squad.com\\\/it\\\/?s={search_term_string}\"},\"query-input\":{\"@type\":\"PropertyValueSpecification\",\"valueRequired\":true,\"valueName\":\"search_term_string\"}}],\"inLanguage\":\"it-IT\"}]}<\/script>\n<!-- \/ Yoast SEO Premium plugin. -->","yoast_head_json":{"title":"RGPD dello strumento di gestione Furious | Furious","description":"Furious \u00e8 lo strumento pi\u00f9 completo sul mercato per la gestione della tua agenzia, della tua societ\u00e0 di consulenza o del tuo ESN - siamo conformi al RGPD.","robots":{"index":"index","follow":"follow","max-snippet":"max-snippet:-1","max-image-preview":"max-image-preview:large","max-video-preview":"max-video-preview:-1"},"canonical":"https:\/\/www.furious-squad.com\/it\/rgpd\/","og_locale":"it_IT","og_type":"article","og_title":"Strumento di gestione RGPD of the Furious","og_description":"Furious \u00e8 lo strumento pi\u00f9 completo sul mercato per la gestione della tua agenzia, della tua societ\u00e0 di consulenza o del tuo ESN - siamo conformi al RGPD.","og_url":"https:\/\/www.furious-squad.com\/it\/rgpd\/","og_site_name":"Furious","article_modified_time":"2026-04-09T00:15:40+00:00","twitter_card":"summary_large_image","twitter_misc":{"Tempo di lettura stimato":"8 minuti"},"schema":{"@context":"https:\/\/schema.org","@graph":[{"@type":"WebPage","@id":"https:\/\/www.furious-squad.com\/it\/rgpd\/","url":"https:\/\/www.furious-squad.com\/it\/rgpd\/","name":"RGPD dello strumento di gestione Furious | Furious","isPartOf":{"@id":"https:\/\/www.furious-squad.com\/it\/#website"},"datePublished":"2026-02-27T14:50:38+00:00","dateModified":"2026-04-09T00:15:40+00:00","description":"Furious \u00e8 lo strumento pi\u00f9 completo sul mercato per la gestione della tua agenzia, della tua societ\u00e0 di consulenza o del tuo ESN - siamo conformi al RGPD.","breadcrumb":{"@id":"https:\/\/www.furious-squad.com\/it\/rgpd\/#breadcrumb"},"inLanguage":"it-IT","potentialAction":[{"@type":"ReadAction","target":["https:\/\/www.furious-squad.com\/it\/rgpd\/"]}]},{"@type":"BreadcrumbList","@id":"https:\/\/www.furious-squad.com\/it\/rgpd\/#breadcrumb","itemListElement":[{"@type":"ListItem","position":1,"name":"Home","item":"https:\/\/www.furious-squad.com\/it\/"},{"@type":"ListItem","position":2,"name":"Strumento di gestione RGPD of the Furious"}]},{"@type":"WebSite","@id":"https:\/\/www.furious-squad.com\/it\/#website","url":"https:\/\/www.furious-squad.com\/it\/","name":"Furious","description":"","potentialAction":[{"@type":"SearchAction","target":{"@type":"EntryPoint","urlTemplate":"https:\/\/www.furious-squad.com\/it\/?s={search_term_string}"},"query-input":{"@type":"PropertyValueSpecification","valueRequired":true,"valueName":"search_term_string"}}],"inLanguage":"it-IT"}]}},"_links":{"self":[{"href":"https:\/\/www.furious-squad.com\/it\/wp-json\/wp\/v2\/pages\/103620","targetHints":{"allow":["GET"]}}],"collection":[{"href":"https:\/\/www.furious-squad.com\/it\/wp-json\/wp\/v2\/pages"}],"about":[{"href":"https:\/\/www.furious-squad.com\/it\/wp-json\/wp\/v2\/types\/page"}],"author":[{"embeddable":true,"href":"https:\/\/www.furious-squad.com\/it\/wp-json\/wp\/v2\/users\/1"}],"replies":[{"embeddable":true,"href":"https:\/\/www.furious-squad.com\/it\/wp-json\/wp\/v2\/comments?post=103620"}],"version-history":[{"count":5,"href":"https:\/\/www.furious-squad.com\/it\/wp-json\/wp\/v2\/pages\/103620\/revisions"}],"predecessor-version":[{"id":108844,"href":"https:\/\/www.furious-squad.com\/it\/wp-json\/wp\/v2\/pages\/103620\/revisions\/108844"}],"wp:attachment":[{"href":"https:\/\/www.furious-squad.com\/it\/wp-json\/wp\/v2\/media?parent=103620"}],"curies":[{"name":"wp","href":"https:\/\/api.w.org\/{rel}","templated":true}]}}